{"id":3831,"date":"2026-02-12T11:54:59","date_gmt":"2026-02-12T03:54:59","guid":{"rendered":"https:\/\/www.sph.org.tw\/?page_id=3831"},"modified":"2026-02-12T14:01:10","modified_gmt":"2026-02-12T06:01:10","slug":"%e8%82%ba%e5%8a%9f%e8%83%bd%e6%aa%a2%e6%9f%a5%e7%a4%ba%e7%af%84%e5%bd%b1%e7%89%87-%e8%b6%8a%e5%8d%97%e6%96%87","status":"publish","type":"page","link":"https:\/\/www.sph.org.tw\/?page_id=3831","title":{"rendered":"\u80ba\u529f\u80fd\u6aa2\u67e5\u793a\u7bc4\u5f71\u7247-\u8d8a\u5357\u6587"},"content":{"rendered":"\n<h6 class=\"wp-block-heading has-medium-font-size\">B\u01b0\u1edbc 1: Ng\u1eadm ch\u1eb7t 1\/3 \u1ed1ng tr\u1eafng<\/h6>\n\n\n\n<h6 class=\"wp-block-heading has-medium-font-size\">B\u01b0\u1edbc 2: M\u0169i h\u00edt v\u00e0o th\u1eadt s\u00e2u<\/h6>\n\n\n\n<h6 class=\"wp-block-heading has-medium-font-size\">B\u01b0\u1edbc 3: D\u00f9ng s\u1ee9c th\u1edf m\u1ea1nh ra b\u1eb1ng m\u1ed3m, th\u1edf \u0111\u1ebfn h\u1ebft s\u1ea1ch h\u01a1i trong l\u1ed3ng ng\u1ef1c<\/h6>\n\n\n\n<figure class=\"wp-block-video\"><video autoplay muted src=\"https:\/\/www.sph.org.tw\/wp-content\/uploads\/2026\/02\/%E5%A4%96%E7%B1%8D%E4%BA%BA%E5%A3%AB%E5%81%A5%E6%AA%A2%E7%AB%99-%E8%B6%8A%E5%8D%97-960x540-1.mp4\"><\/video><\/figure>\n","protected":false},"excerpt":{"rendered":"<p>B\u01b0\u1edbc 1: Ng\u1eadm ch\u1eb7t 1\/3 \u1ed1ng tr\u1eafng B\u01b0\u1edbc 2: M\u0169i h\u00edt v\u00e0o th\u1ead [&hellip;]<\/p>\n","protected":false},"author":1,"featured_media":0,"parent":0,"menu_order":0,"comment_status":"closed","ping_status":"closed","template":"","meta":{"_uag_custom_page_level_css":"","ocean_post_layout":"","ocean_both_sidebars_style":"","ocean_both_sidebars_content_width":0,"ocean_both_sidebars_sidebars_width":0,"ocean_sidebar":"","ocean_second_sidebar":"","ocean_disable_margins":"enable","ocean_add_body_class":"","ocean_shortcode_before_top_bar":"","ocean_shortcode_after_top_bar":"","ocean_shortcode_before_header":"","ocean_shortcode_after_header":"","ocean_has_shortcode":"","ocean_shortcode_after_title":"","ocean_shortcode_before_footer_widgets":"","ocean_shortcode_after_footer_widgets":"","ocean_shortcode_before_footer_bottom":"","ocean_shortcode_after_footer_bottom":"","ocean_display_top_bar":"default","ocean_display_header":"default","ocean_header_style":"","ocean_center_header_left_menu":"","ocean_custom_header_template":"","ocean_custom_logo":0,"ocean_custom_retina_logo":0,"ocean_custom_logo_max_width":0,"ocean_custom_logo_tablet_max_width":0,"ocean_custom_logo_mobile_max_width":0,"ocean_custom_logo_max_height":0,"ocean_custom_logo_tablet_max_height":0,"ocean_custom_logo_mobile_max_height":0,"ocean_header_custom_menu":"","ocean_menu_typo_font_family":"","ocean_menu_typo_font_subset":"","ocean_menu_typo_font_size":0,"ocean_menu_typo_font_size_tablet":0,"ocean_menu_typo_font_size_mobile":0,"ocean_menu_typo_font_size_unit":"px","ocean_menu_typo_font_weight":"","ocean_menu_typo_font_weight_tablet":"","ocean_menu_typo_font_weight_mobile":"","ocean_menu_typo_transform":"","ocean_menu_typo_transform_tablet":"","ocean_menu_typo_transform_mobile":"","ocean_menu_typo_line_height":0,"ocean_menu_typo_line_height_tablet":0,"ocean_menu_typo_line_height_mobile":0,"ocean_menu_typo_line_height_unit":"","ocean_menu_typo_spacing":0,"ocean_menu_typo_spacing_tablet":0,"ocean_menu_typo_spacing_mobile":0,"ocean_menu_typo_spacing_unit":"","ocean_menu_link_color":"","ocean_menu_link_color_hover":"","ocean_menu_link_color_active":"","ocean_menu_link_background":"","ocean_menu_link_hover_background":"","ocean_menu_link_active_background":"","ocean_menu_social_links_bg":"","ocean_menu_social_hover_links_bg":"","ocean_menu_social_links_color":"","ocean_menu_social_hover_links_color":"","ocean_disable_title":"default","ocean_disable_heading":"default","ocean_post_title":"","ocean_post_subheading":"","ocean_post_title_style":"","ocean_post_title_background_color":"","ocean_post_title_background":0,"ocean_post_title_bg_image_position":"","ocean_post_title_bg_image_attachment":"","ocean_post_title_bg_image_repeat":"","ocean_post_title_bg_image_size":"","ocean_post_title_height":0,"ocean_post_title_bg_overlay":0.5,"ocean_post_title_bg_overlay_color":"","ocean_disable_breadcrumbs":"default","ocean_breadcrumbs_color":"","ocean_breadcrumbs_separator_color":"","ocean_breadcrumbs_links_color":"","ocean_breadcrumbs_links_hover_color":"","ocean_display_footer_widgets":"default","ocean_display_footer_bottom":"default","ocean_custom_footer_template":"","_themeisle_gutenberg_block_has_review":false,"footnotes":""},"class_list":["post-3831","page","type-page","status-publish","hentry","entry"],"uagb_featured_image_src":{"full":false,"thumbnail":false,"medium":false,"medium_large":false,"large":false,"1536x1536":false,"2048x2048":false,"ocean-thumb-m":false,"ocean-thumb-ml":false,"ocean-thumb-l":false},"uagb_author_info":{"display_name":"curtis1202","author_link":"https:\/\/www.sph.org.tw\/?author=1"},"uagb_comment_info":0,"uagb_excerpt":"B\u01b0\u1edbc 1: Ng\u1eadm ch\u1eb7t 1\/3 \u1ed1ng tr\u1eafng B\u01b0\u1edbc 2: M\u0169i h\u00edt v\u00e0o th\u1ead...","_links":{"self":[{"href":"https:\/\/www.sph.org.tw\/index.php?rest_route=\/wp\/v2\/pages\/3831","targetHints":{"allow":["GET"]}}],"collection":[{"href":"https:\/\/www.sph.org.tw\/index.php?rest_route=\/wp\/v2\/pages"}],"about":[{"href":"https:\/\/www.sph.org.tw\/index.php?rest_route=\/wp\/v2\/types\/page"}],"author":[{"embeddable":true,"href":"https:\/\/www.sph.org.tw\/index.php?rest_route=\/wp\/v2\/users\/1"}],"replies":[{"embeddable":true,"href":"https:\/\/www.sph.org.tw\/index.php?rest_route=%2Fwp%2Fv2%2Fcomments&post=3831"}],"version-history":[{"count":2,"href":"https:\/\/www.sph.org.tw\/index.php?rest_route=\/wp\/v2\/pages\/3831\/revisions"}],"predecessor-version":[{"id":3844,"href":"https:\/\/www.sph.org.tw\/index.php?rest_route=\/wp\/v2\/pages\/3831\/revisions\/3844"}],"wp:attachment":[{"href":"https:\/\/www.sph.org.tw\/index.php?rest_route=%2Fwp%2Fv2%2Fmedia&parent=3831"}],"curies":[{"name":"wp","href":"https:\/\/api.w.org\/{rel}","templated":true}]}}